{"id":11102,"date":"2019-10-29T13:02:51","date_gmt":"2019-10-29T11:34:03","guid":{"rendered":"https:\/\/magnusvinum.ch\/shop\/unkategorisiert\/chassagne-montrachet-1er-cru-embazees-aoc\/"},"modified":"2020-02-13T15:10:14","modified_gmt":"2020-02-13T13:10:14","slug":"chassagne-montrachet-1er-cru-embazees-aoc","status":"publish","type":"product","link":"https:\/\/magnusvinum.ch\/de\/shop\/unkategorisiert\/chassagne-montrachet-1er-cru-embazees-aoc\/","title":{"rendered":"Chassagne-Montrachet 1er Cru Embaz\u00e9es AOC"},"content":{"rendered":"<p><strong>Degustationsnotiz:<\/strong> Ein Chassagne-Montrachet mit satten gelben und weissen Fr\u00fcchten, \u00fcberzogen mit Bl\u00fcten und Honig. Trinken Sie bis zu 15 Jahre nach der Ernte. <strong>Passt gut zu:<\/strong> Die perfekte Kombination zu einfach gebratenem H\u00e4hnchen.<\/p>\n","protected":false},"excerpt":{"rendered":"<p>Degustationsnotiz: Ein Chassagne-Montrachet mit satten gelben und weissen Fr\u00fcchten, \u00fcberzogen mit Bl\u00fcten und Honig. Trinken Sie bis zu 15 Jahre nach der Ernte. Passt gut zu: Die perfekte Kombination zu einfach gebratenem H\u00e4hnchen.<\/p>\n","protected":false},"featured_media":0,"template":"","meta":{"_genesis_hide_title":false,"_genesis_hide_breadcrumbs":false,"_genesis_hide_singular_image":false,"_genesis_hide_footer_widgets":false,"_genesis_custom_body_class":"","_genesis_custom_post_class":"","_genesis_layout":""},"product_brand":[],"product_cat":[66],"product_tag":[],"class_list":{"0":"post-11102","1":"product","2":"type-product","3":"status-publish","5":"product_cat-uncategorized","6":"entry","7":"has-post-thumbnail","9":"first","10":"instock","11":"taxable","12":"shipping-taxable","13":"product-type-simple"},"wooqr_code":"","_links":{"self":[{"href":"https:\/\/magnusvinum.ch\/de\/wp-json\/wp\/v2\/product\/11102","targetHints":{"allow":["GET"]}}],"collection":[{"href":"https:\/\/magnusvinum.ch\/de\/wp-json\/wp\/v2\/product"}],"about":[{"href":"https:\/\/magnusvinum.ch\/de\/wp-json\/wp\/v2\/types\/product"}],"wp:attachment":[{"href":"https:\/\/magnusvinum.ch\/de\/wp-json\/wp\/v2\/media?parent=11102"}],"wp:term":[{"taxonomy":"product_brand","embeddable":true,"href":"https:\/\/magnusvinum.ch\/de\/wp-json\/wp\/v2\/product_brand?post=11102"},{"taxonomy":"product_cat","embeddable":true,"href":"https:\/\/magnusvinum.ch\/de\/wp-json\/wp\/v2\/product_cat?post=11102"},{"taxonomy":"product_tag","embeddable":true,"href":"https:\/\/magnusvinum.ch\/de\/wp-json\/wp\/v2\/product_tag?post=11102"}],"curies":[{"name":"wp","href":"https:\/\/api.w.org\/{rel}","templated":true}]}}