{"id":21696,"date":"2021-05-19T11:52:17","date_gmt":"2021-05-19T09:52:17","guid":{"rendered":"https:\/\/magnusvinum.ch\/?page_id=21696"},"modified":"2021-07-23T15:49:47","modified_gmt":"2021-07-23T13:49:47","slug":"jane-eyre","status":"publish","type":"page","link":"https:\/\/magnusvinum.ch\/de\/produzenten\/jane-eyre\/","title":{"rendered":"JANE EYRE"},"content":{"rendered":"\n<div class=\"wp-block-image\"><figure class=\"alignleft size-large\"><img loading=\"lazy\" decoding=\"async\" width=\"681\" height=\"1024\" src=\"https:\/\/magnusvinum.ch\/wp-content\/uploads\/2021\/05\/MBaudoin050121111-681x1024.jpg\" alt=\"\" class=\"wp-image-21693\" srcset=\"https:\/\/magnusvinum.ch\/wp-content\/uploads\/2021\/05\/MBaudoin050121111-681x1024.jpg 681w, https:\/\/magnusvinum.ch\/wp-content\/uploads\/2021\/05\/MBaudoin050121111-200x300.jpg 200w, https:\/\/magnusvinum.ch\/wp-content\/uploads\/2021\/05\/MBaudoin050121111-768x1154.jpg 768w, https:\/\/magnusvinum.ch\/wp-content\/uploads\/2021\/05\/MBaudoin050121111-1022x1536.jpg 1022w, https:\/\/magnusvinum.ch\/wp-content\/uploads\/2021\/05\/MBaudoin050121111-1363x2048.jpg 1363w, https:\/\/magnusvinum.ch\/wp-content\/uploads\/2021\/05\/MBaudoin050121111-400x600.jpg 400w, https:\/\/magnusvinum.ch\/wp-content\/uploads\/2021\/05\/MBaudoin050121111-540x812.jpg 540w\" sizes=\"auto, (max-width: 681px) 100vw, 681px\" \/><\/figure><\/div>\n\n\n\n<div class=\"wp-block-columns is-layout-flex wp-container-core-columns-is-layout-9d6595d7 wp-block-columns-is-layout-flex\">\n<div class=\"wp-block-column is-layout-flow wp-block-column-is-layout-flow\">\n<h2 class=\"wp-block-heading\" id=\"h-jane-eyre\">JANE EYRE<\/h2>\n\n\n\n<p>Urspr\u00fcnglich aus Melbourne stammend, verliebte sich Jane in die Weine des Burgunds und beschloss, ihren Lebensmittelpunkt nach Europa zu verlegen, um ihre Karriere als Winzerin zu verfolgen. Nach Stationen bei Cullen (Margaret River), Felton Road (NZ) und Ata Rangi (NZ) kam sie 2004 im Burgund an, wo sie bei Dominique Lafon auf der Domaine des Comtes Lafon Arbeit fand. Seitdem hat sie ein \u201amicro-n\u00e9gociant\u2018 Gesch\u00e4ft mit Parzellen alter Reben in der C\u00f4te d\u2019Or und Beaujolais aufgebaut. Im Jahr 2020 wurde sie von der renommierten Zeitschrift \u201eLa Revue du Vin de France\u201c zum \u201eN\u00e9gociant of the Year\u201c ernannt und ist damit nicht nur die erste Australierin, die diese Auszeichnung erh\u00e4lt, sondern auch die erste Frau. Janes Weine sind pr\u00e4zise und \u00fcppig im Stil mit fantastischem Alterungspotenzial.<\/p>\n<\/div>\n<\/div>\n","protected":false},"excerpt":{"rendered":"<p>JANE EYRE Urspr\u00fcnglich aus Melbourne stammend, verliebte sich Jane in die Weine des Burgunds und beschloss, ihren Lebensmittelpunkt nach Europa zu verlegen, um ihre Karriere als Winzerin zu verfolgen. Nach Stationen bei Cullen (Margaret River), Felton Road (NZ) und Ata Rangi (NZ) kam sie 2004 im Burgund an, wo sie bei Dominique Lafon auf der &#8230; <a href=\"https:\/\/magnusvinum.ch\/de\/produzenten\/jane-eyre\/\" class=\"more-link\">Read More <span class=\"screen-reader-text\">about  JANE EYRE<\/span><\/a><\/p>\n","protected":false},"author":5,"featured_media":22142,"parent":20782,"menu_order":0,"comment_status":"closed","ping_status":"closed","template":"page-templates\/page_producer.php","meta":{"_genesis_hide_title":false,"_genesis_hide_breadcrumbs":false,"_genesis_hide_singular_image":false,"_genesis_hide_footer_widgets":false,"_genesis_custom_body_class":"","_genesis_custom_post_class":"","_genesis_layout":"","footnotes":""},"class_list":{"0":"post-21696","1":"page","2":"type-page","3":"status-publish","4":"has-post-thumbnail","6":"entry"},"featured_image_src":"https:\/\/magnusvinum.ch\/wp-content\/uploads\/2021\/07\/jane_eyre_small.png","featured_image_src_square":"https:\/\/magnusvinum.ch\/wp-content\/uploads\/2021\/07\/jane_eyre_small.png","_links":{"self":[{"href":"https:\/\/magnusvinum.ch\/de\/wp-json\/wp\/v2\/pages\/21696","targetHints":{"allow":["GET"]}}],"collection":[{"href":"https:\/\/magnusvinum.ch\/de\/wp-json\/wp\/v2\/pages"}],"about":[{"href":"https:\/\/magnusvinum.ch\/de\/wp-json\/wp\/v2\/types\/page"}],"author":[{"embeddable":true,"href":"https:\/\/magnusvinum.ch\/de\/wp-json\/wp\/v2\/users\/5"}],"replies":[{"embeddable":true,"href":"https:\/\/magnusvinum.ch\/de\/wp-json\/wp\/v2\/comments?post=21696"}],"version-history":[{"count":0,"href":"https:\/\/magnusvinum.ch\/de\/wp-json\/wp\/v2\/pages\/21696\/revisions"}],"up":[{"embeddable":true,"href":"https:\/\/magnusvinum.ch\/de\/wp-json\/wp\/v2\/pages\/20782"}],"wp:featuredmedia":[{"embeddable":true,"href":"https:\/\/magnusvinum.ch\/de\/wp-json\/wp\/v2\/media\/22142"}],"wp:attachment":[{"href":"https:\/\/magnusvinum.ch\/de\/wp-json\/wp\/v2\/media?parent=21696"}],"curies":[{"name":"wp","href":"https:\/\/api.w.org\/{rel}","templated":true}]}}