{"id":20909,"date":"2021-01-18T23:51:26","date_gmt":"2021-01-18T22:51:26","guid":{"rendered":"https:\/\/magnusvinum.ch\/?page_id=20909"},"modified":"2021-04-17T13:06:56","modified_gmt":"2021-04-17T11:06:56","slug":"about","status":"publish","type":"page","link":"https:\/\/magnusvinum.ch\/de\/about\/","title":{"rendered":"\u00dcBER"},"content":{"rendered":"\n<div class=\"wp-block-columns is-layout-flex wp-container-core-columns-is-layout-9d6595d7 wp-block-columns-is-layout-flex\">\n<div class=\"wp-block-column is-layout-flow wp-block-column-is-layout-flow\">\n<div class=\"wp-block-image\"><figure class=\"alignleft size-large\"><img loading=\"lazy\" decoding=\"async\" width=\"747\" height=\"1024\" src=\"https:\/\/magnusvinum.ch\/wp-content\/uploads\/2021\/04\/c-747x1024.jpg\" alt=\"\" class=\"wp-image-21017\" srcset=\"https:\/\/magnusvinum.ch\/wp-content\/uploads\/2021\/04\/c-747x1024.jpg 747w, https:\/\/magnusvinum.ch\/wp-content\/uploads\/2021\/04\/c-219x300.jpg 219w, https:\/\/magnusvinum.ch\/wp-content\/uploads\/2021\/04\/c-768x1053.jpg 768w, https:\/\/magnusvinum.ch\/wp-content\/uploads\/2021\/04\/c-1120x1536.jpg 1120w, https:\/\/magnusvinum.ch\/wp-content\/uploads\/2021\/04\/c-1493x2048.jpg 1493w, https:\/\/magnusvinum.ch\/wp-content\/uploads\/2021\/04\/c-540x741.jpg 540w, https:\/\/magnusvinum.ch\/wp-content\/uploads\/2021\/04\/c.jpg 2000w\" sizes=\"auto, (max-width: 747px) 100vw, 747px\" \/><\/figure><\/div>\n<\/div>\n\n\n\n<div class=\"wp-block-column is-layout-flow wp-block-column-is-layout-flow\">\n<h3 class=\"wp-block-heading\"><\/h3>\n\n\n\n<h3 class=\"wp-block-heading\">HOI Z\u00c4ME!<\/h3>\n\n\n\n<p>Mein Name ist Timothy Magnus (oder einfach Tim) und meine Geschichte beginnt in Sydney, Australien. In dieser faszinierenden Stadt aufgewachsen, habe ich bereits in jungen Jahren den Wein f\u00fcr mich entdeckt und im sp\u00e4teren Berufsleben sieben wundervolle Jahre in der Weinregion Hunter Valley in New South Wales verbracht. Meinem inneren Entdecker folgend, war es danach f\u00fcr mich an der Zeit, neue und weit entlegene Weinregionen zu entdecken \u2013 somit zog ich 2007 in die Schweiz, wo ich nach intensivem Studium im Jahr 2012 das WSET Level 4 Diplom absolvierte. Nach<br>erfolgreichem Abschluss meiner weinwirtschaftlichen Diplomarbeit, die mit dem \u201eSwiss Wine Award\u201c ausgezeichnet wurde, erhielt ich dar\u00fcber hinaus den Titel \u201eWeinakademiker\u201c.<\/p>\n\n\n\n<p>Was urspr\u00fcnglich als Hobby und mit einem gelegentlichen Glas Puligny-Montrachet&nbsp;zusammen mit meinem Vater begann, ist heute zu einer pers\u00f6nlichen Mission geworden, die mich mein Leben in ganz neuen Facetten geniessen l\u00e4sst. Nach \u00fcber 14 Jahren im Weinhandel bereitet es mir grosse Freude, mein Wissen weiterzugeben \u2013 sowohl \u00fcber verschiedene Niveaus von WSET-Weinkursen, als auch im Rahmen meiner eigenen Seminare. Beratungsdienste f\u00fcr Unternehmer in Gastro-Kan\u00e4len biete ich ebenfalls an.<\/p>\n\n\n\n<p>W\u00e4hrend dieser langj\u00e4hrigen Weinreise entwickelte sich das Burgund unaufhaltsam zum meiner Lieblingsregion und gr\u00f6ssten Leidenschaft. Diese Begeisterung wurde 2018 durch das Bureau Interprofessionnel des Vins de Bourgogne auf die Probe gestellt und mit der Ernennung zum einzigen \u201eBourgogne Wine Ambassador\u201c der Schweiz geadelt.<\/p>\n\n\n\n<p>Ebenfalls seit 2018 importiere ich Burgunderweine in die Schweiz und biete heute eine breite Auswahl verschiedenster Appellationen und Qualit\u00e4tsstufen an \u2013 tolle Weine in jeder Preiskategorie. Seit 2019 arbeite ich mit der renommierten Wine Scholar Guild zusammen. In diesem Rahmen habe ich das neue \u2018Bourgogne Master Level \u2013 Intensive\u2019 Programm entwickelt \u2013 ein einw\u00f6chiger Intensivkurs mit Burgunderweinen, welcher in Beaune, der Hauptstadt des Burgunds, durchgef\u00fchrt wird.<\/p>\n\n\n\n<p>Es ist mein gr\u00f6sster Wunsch, Ihr Leben mit einem Glas Burgunderwein etwas k\u00f6stlicher zu gestalten.<\/p>\n\n\n\n<p><br>Prost!<\/p>\n\n\n\n<p>TIMOTHY MAGNUS<\/p>\n<\/div>\n<\/div>\n","protected":false},"excerpt":{"rendered":"<p>HOI Z\u00c4ME! Mein Name ist Timothy Magnus (oder einfach Tim) und meine Geschichte beginnt in Sydney, Australien. In dieser faszinierenden Stadt aufgewachsen, habe ich bereits in jungen Jahren den Wein f\u00fcr mich entdeckt und im sp\u00e4teren Berufsleben sieben wundervolle Jahre in der Weinregion Hunter Valley in New South Wales verbracht. Meinem inneren Entdecker folgend, war &#8230; <a href=\"https:\/\/magnusvinum.ch\/de\/about\/\" class=\"more-link\">Read More <span class=\"screen-reader-text\">about  \u00dcBER<\/span><\/a><\/p>\n","protected":false},"author":5,"featured_media":21018,"parent":0,"menu_order":0,"comment_status":"closed","ping_status":"closed","template":"","meta":{"_genesis_hide_title":true,"_genesis_hide_breadcrumbs":false,"_genesis_hide_singular_image":false,"_genesis_hide_footer_widgets":false,"_genesis_custom_body_class":"","_genesis_custom_post_class":"","_genesis_layout":"full-width-content","footnotes":""},"class_list":{"0":"post-20909","1":"page","2":"type-page","3":"status-publish","4":"has-post-thumbnail","6":"entry"},"featured_image_src":"https:\/\/magnusvinum.ch\/wp-content\/uploads\/2021\/04\/c-scaled.jpg","featured_image_src_square":"https:\/\/magnusvinum.ch\/wp-content\/uploads\/2021\/04\/c-scaled.jpg","_links":{"self":[{"href":"https:\/\/magnusvinum.ch\/de\/wp-json\/wp\/v2\/pages\/20909","targetHints":{"allow":["GET"]}}],"collection":[{"href":"https:\/\/magnusvinum.ch\/de\/wp-json\/wp\/v2\/pages"}],"about":[{"href":"https:\/\/magnusvinum.ch\/de\/wp-json\/wp\/v2\/types\/page"}],"author":[{"embeddable":true,"href":"https:\/\/magnusvinum.ch\/de\/wp-json\/wp\/v2\/users\/5"}],"replies":[{"embeddable":true,"href":"https:\/\/magnusvinum.ch\/de\/wp-json\/wp\/v2\/comments?post=20909"}],"version-history":[{"count":0,"href":"https:\/\/magnusvinum.ch\/de\/wp-json\/wp\/v2\/pages\/20909\/revisions"}],"wp:featuredmedia":[{"embeddable":true,"href":"https:\/\/magnusvinum.ch\/de\/wp-json\/wp\/v2\/media\/21018"}],"wp:attachment":[{"href":"https:\/\/magnusvinum.ch\/de\/wp-json\/wp\/v2\/media?parent=20909"}],"curies":[{"name":"wp","href":"https:\/\/api.w.org\/{rel}","templated":true}]}}