{"id":20905,"date":"2021-04-13T20:45:49","date_gmt":"2021-04-13T18:45:49","guid":{"rendered":"https:\/\/magnusvinum.ch\/?page_id=20905"},"modified":"2022-04-03T17:44:02","modified_gmt":"2022-04-03T15:44:02","slug":"grassl-glass","status":"publish","type":"page","link":"https:\/\/magnusvinum.ch\/de\/grassl-glass\/","title":{"rendered":"GRASSL GLASS"},"content":{"rendered":"\n<figure class=\"wp-block-image size-large\"><img loading=\"lazy\" decoding=\"async\" width=\"1024\" height=\"576\" src=\"https:\/\/magnusvinum.ch\/wp-content\/uploads\/2020\/12\/grassl-glass-1024x576.jpeg\" alt=\"\" class=\"wp-image-20320\" srcset=\"https:\/\/magnusvinum.ch\/wp-content\/uploads\/2020\/12\/grassl-glass-1024x576.jpeg 1024w, https:\/\/magnusvinum.ch\/wp-content\/uploads\/2020\/12\/grassl-glass-300x169.jpeg 300w, https:\/\/magnusvinum.ch\/wp-content\/uploads\/2020\/12\/grassl-glass-768x432.jpeg 768w, https:\/\/magnusvinum.ch\/wp-content\/uploads\/2020\/12\/grassl-glass-1536x864.jpeg 1536w, https:\/\/magnusvinum.ch\/wp-content\/uploads\/2020\/12\/grassl-glass-370x208.jpeg 370w, https:\/\/magnusvinum.ch\/wp-content\/uploads\/2020\/12\/grassl-glass-770x433.jpeg 770w, https:\/\/magnusvinum.ch\/wp-content\/uploads\/2020\/12\/grassl-glass-540x304.jpeg 540w, https:\/\/magnusvinum.ch\/wp-content\/uploads\/2020\/12\/grassl-glass.jpeg 1920w\" sizes=\"auto, (max-width: 1024px) 100vw, 1024px\" \/><\/figure>\n\n\n\n<p class=\"has-text-align-center\"><\/p>\n\n\n\n<h1 class=\"has-text-align-center wp-block-heading\" id=\"h-grassl-glass\">GRASSL GLASS<\/h1>\n\n\n\n<h2 class=\"has-text-align-center wp-block-heading\" id=\"h-schweizer-design-mundgeblasen\"><strong>SCHWEIZER DESIGN. MUNDGEBLASEN.<\/strong><\/h2>\n\n\n\n<p class=\"has-text-align-center\">CraftDie aus bleifreiem Kristall hergestellten Grassl-Gl\u00e4ser sind ausgewogen, leicht und robust. Die Serie Vigneron wurde in Zusammenarbeit mit Spitzenweing\u00fctern wie Ch\u00e2teau Palmer aus Bordeaux und Domaine Roulot aus dem Burgund entwickelt. Jedes Glasdesign wurde entwickelt, um die Aromen, die Textur und den Geschmack spezifischer Weinstile hervorzuheben.<\/p>\n\n\n\n<figure class=\"wp-block-embed is-type-rich is-provider-handler-einbetten wp-block-embed-handler-einbetten wp-embed-aspect-16-9 wp-has-aspect-ratio\"><div class=\"wp-block-embed__wrapper\">\n<iframe loading=\"lazy\" title=\"2020 grassl glass production\" width=\"500\" height=\"281\" src=\"https:\/\/www.youtube.com\/embed\/w8CxPmW9InA?feature=oembed\" frameborder=\"0\" allow=\"accelerometer; autoplay; clipboard-write; encrypted-media; gyroscope; picture-in-picture; web-share\" referrerpolicy=\"strict-origin-when-cross-origin\" allowfullscreen><\/iframe>\n<\/div><\/figure>\n","protected":false},"excerpt":{"rendered":"<p>GRASSL GLASS SCHWEIZER DESIGN. MUNDGEBLASEN. CraftDie aus bleifreiem Kristall hergestellten Grassl-Gl\u00e4ser sind ausgewogen, leicht und robust. Die Serie Vigneron wurde in Zusammenarbeit mit Spitzenweing\u00fctern wie Ch\u00e2teau Palmer aus Bordeaux und Domaine Roulot aus dem Burgund entwickelt. Jedes Glasdesign wurde entwickelt, um die Aromen, die Textur und den Geschmack spezifischer Weinstile hervorzuheben.<\/p>\n","protected":false},"author":2179,"featured_media":20931,"parent":0,"menu_order":0,"comment_status":"closed","ping_status":"closed","template":"page-templates\/page_producer.php","meta":{"_genesis_hide_title":true,"_genesis_hide_breadcrumbs":false,"_genesis_hide_singular_image":false,"_genesis_hide_footer_widgets":false,"_genesis_custom_body_class":"","_genesis_custom_post_class":"","_genesis_layout":"","footnotes":""},"class_list":{"0":"post-20905","1":"page","2":"type-page","3":"status-publish","4":"has-post-thumbnail","6":"entry"},"featured_image_src":"https:\/\/magnusvinum.ch\/wp-content\/uploads\/2021\/04\/grassl-glass.jpeg","featured_image_src_square":"https:\/\/magnusvinum.ch\/wp-content\/uploads\/2021\/04\/grassl-glass.jpeg","_links":{"self":[{"href":"https:\/\/magnusvinum.ch\/de\/wp-json\/wp\/v2\/pages\/20905","targetHints":{"allow":["GET"]}}],"collection":[{"href":"https:\/\/magnusvinum.ch\/de\/wp-json\/wp\/v2\/pages"}],"about":[{"href":"https:\/\/magnusvinum.ch\/de\/wp-json\/wp\/v2\/types\/page"}],"author":[{"embeddable":true,"href":"https:\/\/magnusvinum.ch\/de\/wp-json\/wp\/v2\/users\/2179"}],"replies":[{"embeddable":true,"href":"https:\/\/magnusvinum.ch\/de\/wp-json\/wp\/v2\/comments?post=20905"}],"version-history":[{"count":0,"href":"https:\/\/magnusvinum.ch\/de\/wp-json\/wp\/v2\/pages\/20905\/revisions"}],"wp:featuredmedia":[{"embeddable":true,"href":"https:\/\/magnusvinum.ch\/de\/wp-json\/wp\/v2\/media\/20931"}],"wp:attachment":[{"href":"https:\/\/magnusvinum.ch\/de\/wp-json\/wp\/v2\/media?parent=20905"}],"curies":[{"name":"wp","href":"https:\/\/api.w.org\/{rel}","templated":true}]}}