{"id":20902,"date":"2021-04-13T16:58:02","date_gmt":"2021-04-13T14:58:02","guid":{"rendered":"https:\/\/magnusvinum.ch\/?page_id=20902"},"modified":"2021-07-22T11:15:11","modified_gmt":"2021-07-22T09:15:11","slug":"thierry-violot-guillemard","status":"publish","type":"page","link":"https:\/\/magnusvinum.ch\/de\/produzenten\/thierry-violot-guillemard\/","title":{"rendered":"THIERRY &#038; JOANNES VIOLOT-GUILLEMARD"},"content":{"rendered":"\n<div class=\"wp-block-image\"><figure class=\"alignleft size-large is-resized\"><img decoding=\"async\" src=\"https:\/\/magnusvinum.ch\/wp-content\/uploads\/2019\/07\/Thierry-Violot-Guillemard.jpg\" alt=\"\" width=\"600\"\/><\/figure><\/div>\n\n\n\n<div class=\"wp-block-columns is-layout-flex wp-container-core-columns-is-layout-9d6595d7 wp-block-columns-is-layout-flex\">\n<div class=\"wp-block-column is-layout-flow wp-block-column-is-layout-flow\">\n<p>Die Anf\u00e4nge dieser Domaine liegen im fr\u00fchen 20. Jahrhundert als Gr\u00fcnder Joann\u00e9s Faivre mit dem Weinbau begann. Inzwischen umfasst das Weingut beste Lagen entlang der gesamten C\u00f4te de Beaune, die bereits seit vielen Jahren biodynamisch bearbeitet werden. Joannes Violot-Guillemard arbeitet heute eng mit seinem Vater Thierry zusammen und hat bereits entscheidenden Einfluss auf den Charakter der Weine genommen. Insbesondere bei den Rotweinen stehen seine subtilen und komplexen Erzeugnisse in starkem Kontrast zum sprichw\u00f6rtlich kraftvollen und erdigen Ausdruck der Appellation Pommard. Klassische Burgunder im wahrsten Sinne des Wortes, von seidiger Textur und charmanten, rotfruchtigen Aromen gepr\u00e4gt. Ab dem Jahrgang 2019 werden die Weine unter dem Label &#8218;Joannes Violot-Guillemard&#8216; vermarktet.<\/p>\n<\/div>\n<\/div>\n","protected":false},"excerpt":{"rendered":"<p>Die Anf\u00e4nge dieser Domaine liegen im fr\u00fchen 20. Jahrhundert als Gr\u00fcnder Joann\u00e9s Faivre mit dem Weinbau begann. Inzwischen umfasst das Weingut beste Lagen entlang der gesamten C\u00f4te de Beaune, die bereits seit vielen Jahren biodynamisch bearbeitet werden. Joannes Violot-Guillemard arbeitet heute eng mit seinem Vater Thierry zusammen und hat bereits entscheidenden Einfluss auf den Charakter &#8230; <a href=\"https:\/\/magnusvinum.ch\/de\/produzenten\/thierry-violot-guillemard\/\" class=\"more-link\">Read More <span class=\"screen-reader-text\">about  THIERRY &#038; JOANNES VIOLOT-GUILLEMARD<\/span><\/a><\/p>\n","protected":false},"author":2179,"featured_media":23657,"parent":20782,"menu_order":0,"comment_status":"closed","ping_status":"closed","template":"page-templates\/page_producer.php","meta":{"_genesis_hide_title":false,"_genesis_hide_breadcrumbs":false,"_genesis_hide_singular_image":false,"_genesis_hide_footer_widgets":false,"_genesis_custom_body_class":"","_genesis_custom_post_class":"","_genesis_layout":"","footnotes":""},"class_list":{"0":"post-20902","1":"page","2":"type-page","3":"status-publish","4":"has-post-thumbnail","6":"entry"},"featured_image_src":"https:\/\/magnusvinum.ch\/wp-content\/uploads\/2021\/01\/Thierry-Violot-Guillemard.jpg","featured_image_src_square":"https:\/\/magnusvinum.ch\/wp-content\/uploads\/2021\/01\/Thierry-Violot-Guillemard.jpg","_links":{"self":[{"href":"https:\/\/magnusvinum.ch\/de\/wp-json\/wp\/v2\/pages\/20902","targetHints":{"allow":["GET"]}}],"collection":[{"href":"https:\/\/magnusvinum.ch\/de\/wp-json\/wp\/v2\/pages"}],"about":[{"href":"https:\/\/magnusvinum.ch\/de\/wp-json\/wp\/v2\/types\/page"}],"author":[{"embeddable":true,"href":"https:\/\/magnusvinum.ch\/de\/wp-json\/wp\/v2\/users\/2179"}],"replies":[{"embeddable":true,"href":"https:\/\/magnusvinum.ch\/de\/wp-json\/wp\/v2\/comments?post=20902"}],"version-history":[{"count":0,"href":"https:\/\/magnusvinum.ch\/de\/wp-json\/wp\/v2\/pages\/20902\/revisions"}],"up":[{"embeddable":true,"href":"https:\/\/magnusvinum.ch\/de\/wp-json\/wp\/v2\/pages\/20782"}],"wp:featuredmedia":[{"embeddable":true,"href":"https:\/\/magnusvinum.ch\/de\/wp-json\/wp\/v2\/media\/23657"}],"wp:attachment":[{"href":"https:\/\/magnusvinum.ch\/de\/wp-json\/wp\/v2\/media?parent=20902"}],"curies":[{"name":"wp","href":"https:\/\/api.w.org\/{rel}","templated":true}]}}