{"id":20898,"date":"2021-04-13T16:57:18","date_gmt":"2021-04-13T14:57:18","guid":{"rendered":"https:\/\/magnusvinum.ch\/?page_id=20898"},"modified":"2021-04-17T16:20:07","modified_gmt":"2021-04-17T14:20:07","slug":"pascal-clement","status":"publish","type":"page","link":"https:\/\/magnusvinum.ch\/de\/produzenten\/pascal-clement\/","title":{"rendered":"PASCAL CL\u00c9MENT"},"content":{"rendered":"\n<div class=\"wp-block-image\"><figure class=\"alignleft size-large is-resized\"><img decoding=\"async\" src=\"https:\/\/magnusvinum.ch\/wp-content\/uploads\/2019\/11\/Pascal_Cl%C3%A9ment.jpg\" alt=\"\" width=\"600\"\/><\/figure><\/div>\n\n\n\n<div class=\"wp-block-columns is-layout-flex wp-container-core-columns-is-layout-9d6595d7 wp-block-columns-is-layout-flex\">\n<div class=\"wp-block-column is-layout-flow wp-block-column-is-layout-flow\">\n<p>Nachdem Pascal f\u00fcnf Jahre lang als Winzer bei der Kult-Domaine Coche-Dury in Meursault t\u00e4tig war, gr\u00fcndete er 2012 sein eigenes Weingut. Neben einer kleinen Anzahl von gutseigenen Lagen in Savigny-les-Beaune, erweitert Pascal sein Sortiment mit sorgf\u00e4ltig ausgew\u00e4hlten Parzellen in renommierten Weinbergen \u2013 vor allem an der C\u00f4te de Beaune. Seine Herangehensweise variiert von Jahr zu Jahr, stets individuell auf die Gegebenheiten des Jahrgangs abgestimmt. Das Ergebnis ist ein sehr pr\u00e4ziser Stil, der genau das Terroir widerspiegelt, aus dem die Weine stammen.<\/p>\n<\/div>\n<\/div>\n","protected":false},"excerpt":{"rendered":"<p>Nachdem Pascal f\u00fcnf Jahre lang als Winzer bei der Kult-Domaine Coche-Dury in Meursault t\u00e4tig war, gr\u00fcndete er 2012 sein eigenes Weingut. Neben einer kleinen Anzahl von gutseigenen Lagen in Savigny-les-Beaune, erweitert Pascal sein Sortiment mit sorgf\u00e4ltig ausgew\u00e4hlten Parzellen in renommierten Weinbergen \u2013 vor allem an der C\u00f4te de Beaune. Seine Herangehensweise variiert von Jahr zu &#8230; <a href=\"https:\/\/magnusvinum.ch\/de\/produzenten\/pascal-clement\/\" class=\"more-link\">Read More <span class=\"screen-reader-text\">about  PASCAL CL\u00c9MENT<\/span><\/a><\/p>\n","protected":false},"author":2179,"featured_media":23654,"parent":20782,"menu_order":0,"comment_status":"closed","ping_status":"closed","template":"page-templates\/page_producer.php","meta":{"_genesis_hide_title":false,"_genesis_hide_breadcrumbs":false,"_genesis_hide_singular_image":false,"_genesis_hide_footer_widgets":false,"_genesis_custom_body_class":"","_genesis_custom_post_class":"","_genesis_layout":"","footnotes":""},"class_list":{"0":"post-20898","1":"page","2":"type-page","3":"status-publish","4":"has-post-thumbnail","6":"entry"},"featured_image_src":"https:\/\/magnusvinum.ch\/wp-content\/uploads\/2021\/01\/Pascal_Clement-scaled-1.jpg","featured_image_src_square":"https:\/\/magnusvinum.ch\/wp-content\/uploads\/2021\/01\/Pascal_Clement-scaled-1.jpg","_links":{"self":[{"href":"https:\/\/magnusvinum.ch\/de\/wp-json\/wp\/v2\/pages\/20898","targetHints":{"allow":["GET"]}}],"collection":[{"href":"https:\/\/magnusvinum.ch\/de\/wp-json\/wp\/v2\/pages"}],"about":[{"href":"https:\/\/magnusvinum.ch\/de\/wp-json\/wp\/v2\/types\/page"}],"author":[{"embeddable":true,"href":"https:\/\/magnusvinum.ch\/de\/wp-json\/wp\/v2\/users\/2179"}],"replies":[{"embeddable":true,"href":"https:\/\/magnusvinum.ch\/de\/wp-json\/wp\/v2\/comments?post=20898"}],"version-history":[{"count":0,"href":"https:\/\/magnusvinum.ch\/de\/wp-json\/wp\/v2\/pages\/20898\/revisions"}],"up":[{"embeddable":true,"href":"https:\/\/magnusvinum.ch\/de\/wp-json\/wp\/v2\/pages\/20782"}],"wp:featuredmedia":[{"embeddable":true,"href":"https:\/\/magnusvinum.ch\/de\/wp-json\/wp\/v2\/media\/23654"}],"wp:attachment":[{"href":"https:\/\/magnusvinum.ch\/de\/wp-json\/wp\/v2\/media?parent=20898"}],"curies":[{"name":"wp","href":"https:\/\/api.w.org\/{rel}","templated":true}]}}