{"id":20892,"date":"2021-04-13T16:54:49","date_gmt":"2021-04-13T14:54:49","guid":{"rendered":"https:\/\/magnusvinum.ch\/?page_id=20892"},"modified":"2021-04-21T13:56:18","modified_gmt":"2021-04-21T11:56:18","slug":"maison-mc-thiriet","status":"publish","type":"page","link":"https:\/\/magnusvinum.ch\/de\/produzenten\/maison-mc-thiriet\/","title":{"rendered":"CAMILLE THIRIET"},"content":{"rendered":"\n<div class=\"wp-block-image\"><figure class=\"alignleft size-large is-resized\"><img decoding=\"async\" src=\"https:\/\/magnusvinum.ch\/wp-content\/uploads\/2019\/11\/camille_thiriet.jpeg\" alt=\"\" width=\"600\"\/><\/figure><\/div>\n\n\n\n<div class=\"wp-block-columns is-layout-flex wp-container-core-columns-is-layout-9d6595d7 wp-block-columns-is-layout-flex\">\n<div class=\"wp-block-column is-layout-flow wp-block-column-is-layout-flow\">\n<p>Die Geschichte von Camille Thiriet Weine begann tats\u00e4chlich in einer Garage hinter dem Ch\u00e2teau de Comblanchien. Als Mikro-N\u00e9gociant warden winzige Mengen an Weinen erzeugt, denen gr\u00f6sstm\u00f6gliche Aufmerksamkeit zuteil wird. Nichts bleibt hier dem Zufall \u00fcberlassen. Die \u201dMaison\u201d wurde von Camille Thiriet und Matt Chittick, die sich kennenlernten, als beide zur Gleichen Zeit auf der Domaine de Bellene bei Nicolas Potel arbeiteten. Bedingt durch die Arbeit mite norm vielen, prestigetr\u00e4chtigen Appellationen auf Domaine de Bellene, konnten Camille und Matt ein solides Netzwerk guter Beziehungen zu Winzern aufbauen, von denen sie heute ihre Trauben beziehen. Camille Thiriet mag ein sehr Kleiner Betrieb sein, jedoch steht man hier sicher vor dem ganz grossen Durchbruch.<\/p>\n<\/div>\n<\/div>\n","protected":false},"excerpt":{"rendered":"<p>Die Geschichte von Camille Thiriet Weine begann tats\u00e4chlich in einer Garage hinter dem Ch\u00e2teau de Comblanchien. Als Mikro-N\u00e9gociant warden winzige Mengen an Weinen erzeugt, denen gr\u00f6sstm\u00f6gliche Aufmerksamkeit zuteil wird. Nichts bleibt hier dem Zufall \u00fcberlassen. Die \u201dMaison\u201d wurde von Camille Thiriet und Matt Chittick, die sich kennenlernten, als beide zur Gleichen Zeit auf der Domaine &#8230; <a href=\"https:\/\/magnusvinum.ch\/de\/produzenten\/maison-mc-thiriet\/\" class=\"more-link\">Read More <span class=\"screen-reader-text\">about  CAMILLE THIRIET<\/span><\/a><\/p>\n","protected":false},"author":2179,"featured_media":23600,"parent":20782,"menu_order":0,"comment_status":"closed","ping_status":"closed","template":"page-templates\/page_producer.php","meta":{"_genesis_hide_title":false,"_genesis_hide_breadcrumbs":false,"_genesis_hide_singular_image":false,"_genesis_hide_footer_widgets":false,"_genesis_custom_body_class":"","_genesis_custom_post_class":"","_genesis_layout":"","footnotes":""},"class_list":{"0":"post-20892","1":"page","2":"type-page","3":"status-publish","4":"has-post-thumbnail","6":"entry"},"featured_image_src":"https:\/\/magnusvinum.ch\/wp-content\/uploads\/2021\/01\/camille_thiriet.jpeg","featured_image_src_square":"https:\/\/magnusvinum.ch\/wp-content\/uploads\/2021\/01\/camille_thiriet.jpeg","_links":{"self":[{"href":"https:\/\/magnusvinum.ch\/de\/wp-json\/wp\/v2\/pages\/20892","targetHints":{"allow":["GET"]}}],"collection":[{"href":"https:\/\/magnusvinum.ch\/de\/wp-json\/wp\/v2\/pages"}],"about":[{"href":"https:\/\/magnusvinum.ch\/de\/wp-json\/wp\/v2\/types\/page"}],"author":[{"embeddable":true,"href":"https:\/\/magnusvinum.ch\/de\/wp-json\/wp\/v2\/users\/2179"}],"replies":[{"embeddable":true,"href":"https:\/\/magnusvinum.ch\/de\/wp-json\/wp\/v2\/comments?post=20892"}],"version-history":[{"count":0,"href":"https:\/\/magnusvinum.ch\/de\/wp-json\/wp\/v2\/pages\/20892\/revisions"}],"up":[{"embeddable":true,"href":"https:\/\/magnusvinum.ch\/de\/wp-json\/wp\/v2\/pages\/20782"}],"wp:featuredmedia":[{"embeddable":true,"href":"https:\/\/magnusvinum.ch\/de\/wp-json\/wp\/v2\/media\/23600"}],"wp:attachment":[{"href":"https:\/\/magnusvinum.ch\/de\/wp-json\/wp\/v2\/media?parent=20892"}],"curies":[{"name":"wp","href":"https:\/\/api.w.org\/{rel}","templated":true}]}}