{"id":20872,"date":"2021-04-13T16:47:17","date_gmt":"2021-04-13T14:47:17","guid":{"rendered":"https:\/\/magnusvinum.ch\/?page_id=20872"},"modified":"2021-04-17T16:02:06","modified_gmt":"2021-04-17T14:02:06","slug":"domaine-pierre-girardin","status":"publish","type":"page","link":"https:\/\/magnusvinum.ch\/de\/produzenten\/domaine-pierre-girardin\/","title":{"rendered":"DOMAINE PIERRE GIRARDIN"},"content":{"rendered":"\n<div class=\"wp-block-image\"><figure class=\"alignleft size-large is-resized\"><img decoding=\"async\" src=\"https:\/\/magnusvinum.ch\/wp-content\/uploads\/2020\/07\/pierre_vincent_girardin.jpg\" alt=\"\" width=\"600\"\/><\/figure><\/div>\n\n\n\n<div class=\"wp-block-columns is-layout-flex wp-container-core-columns-is-layout-9d6595d7 wp-block-columns-is-layout-flex\">\n<div class=\"wp-block-column is-layout-flow wp-block-column-is-layout-flow\">\n<h2 class=\"wp-block-heading\"><\/h2>\n\n\n\n<p>Pierre-Vincent wuchs in den Kellern seines Vaters Vincent Girardin auf. Dieser baute, nachdem er als Winzer in Santenay begonnen hatte, ein erfolgreiches Unternehmen als N\u00e9gociant mit eigenen Kellereien in Meursault auf. Vincent verkaufte sein Unternehmen 2011, behielt aber 4,5 Hektar erstklassige Weinberge. In den folgenden Jahren wurde ein neues Weingut in Meursault gebaut, und 2017 erzeugte der junge Pierre-Vincent dort seinen ersten Jahrgang. Von Anfang an wusste er, dass er eine andere Vision als sein Vater hatte und wollte dies auch in seinen Weinen widerspiegeln. Um den Einfluss der Eiche zu minimieren, liess er von der ber\u00fchmten Tonnellerie Fran\u00e7ois Freres eigens 456-Liter-F\u00e4sser f\u00fcr die Weissweine bauen. Bei den Roten soll vor allem die Seidigkeit des Pinot Noir hervorgehoben werden, weshalb beim Extrahieren eine sanfte Remontage gegen\u00fcber der Pigeage zur Anwendung kommt. Es ist erfrischend, einen talentierten jungen Winzer zu finden, der sich mehr um Ausdruck und Eleganz des Terroirs sorgt, als reichhaltige, holzbetonte Weine mit starker Extraktion anzustreben. Es wird eine grosse Freude werden, dieses aufstrebende Talent in den n\u00e4chsten Jahrzehnten zu beobachten.<\/p>\n<\/div>\n<\/div>\n","protected":false},"excerpt":{"rendered":"<p>Pierre-Vincent wuchs in den Kellern seines Vaters Vincent Girardin auf. Dieser baute, nachdem er als Winzer in Santenay begonnen hatte, ein erfolgreiches Unternehmen als N\u00e9gociant mit eigenen Kellereien in Meursault auf. Vincent verkaufte sein Unternehmen 2011, behielt aber 4,5 Hektar erstklassige Weinberge. In den folgenden Jahren wurde ein neues Weingut in Meursault gebaut, und 2017 &#8230; <a href=\"https:\/\/magnusvinum.ch\/de\/produzenten\/domaine-pierre-girardin\/\" class=\"more-link\">Read More <span class=\"screen-reader-text\">about  DOMAINE PIERRE GIRARDIN<\/span><\/a><\/p>\n","protected":false},"author":2179,"featured_media":23639,"parent":20782,"menu_order":0,"comment_status":"closed","ping_status":"closed","template":"page-templates\/page_producer.php","meta":{"_genesis_hide_title":false,"_genesis_hide_breadcrumbs":false,"_genesis_hide_singular_image":false,"_genesis_hide_footer_widgets":false,"_genesis_custom_body_class":"","_genesis_custom_post_class":"","_genesis_layout":"","footnotes":""},"class_list":{"0":"post-20872","1":"page","2":"type-page","3":"status-publish","4":"has-post-thumbnail","6":"entry"},"featured_image_src":"https:\/\/magnusvinum.ch\/wp-content\/uploads\/2021\/01\/pierre_vincent_girardin-scaled-1.jpg","featured_image_src_square":"https:\/\/magnusvinum.ch\/wp-content\/uploads\/2021\/01\/pierre_vincent_girardin-scaled-1.jpg","_links":{"self":[{"href":"https:\/\/magnusvinum.ch\/de\/wp-json\/wp\/v2\/pages\/20872","targetHints":{"allow":["GET"]}}],"collection":[{"href":"https:\/\/magnusvinum.ch\/de\/wp-json\/wp\/v2\/pages"}],"about":[{"href":"https:\/\/magnusvinum.ch\/de\/wp-json\/wp\/v2\/types\/page"}],"author":[{"embeddable":true,"href":"https:\/\/magnusvinum.ch\/de\/wp-json\/wp\/v2\/users\/2179"}],"replies":[{"embeddable":true,"href":"https:\/\/magnusvinum.ch\/de\/wp-json\/wp\/v2\/comments?post=20872"}],"version-history":[{"count":0,"href":"https:\/\/magnusvinum.ch\/de\/wp-json\/wp\/v2\/pages\/20872\/revisions"}],"up":[{"embeddable":true,"href":"https:\/\/magnusvinum.ch\/de\/wp-json\/wp\/v2\/pages\/20782"}],"wp:featuredmedia":[{"embeddable":true,"href":"https:\/\/magnusvinum.ch\/de\/wp-json\/wp\/v2\/media\/23639"}],"wp:attachment":[{"href":"https:\/\/magnusvinum.ch\/de\/wp-json\/wp\/v2\/media?parent=20872"}],"curies":[{"name":"wp","href":"https:\/\/api.w.org\/{rel}","templated":true}]}}