{"id":20800,"date":"2021-04-13T16:24:55","date_gmt":"2021-04-13T14:24:55","guid":{"rendered":"https:\/\/magnusvinum.ch\/?page_id=20800"},"modified":"2021-04-17T14:43:03","modified_gmt":"2021-04-17T12:43:03","slug":"domaine-jean-gilles-lafouge","status":"publish","type":"page","link":"https:\/\/magnusvinum.ch\/de\/produzenten\/domaine-jean-gilles-lafouge\/","title":{"rendered":"DOMAINE (JEAN &#038; GILLES) LAFOUGE"},"content":{"rendered":"\n<div class=\"wp-block-image\"><figure class=\"alignleft size-large is-resized\"><img decoding=\"async\" src=\"https:\/\/magnusvinum.ch\/wp-content\/uploads\/2019\/11\/Gilles_Lafouge.jpg\" alt=\"\" width=\"600\"\/><\/figure><\/div>\n\n\n\n<div class=\"wp-block-columns is-layout-flex wp-container-core-columns-is-layout-9d6595d7 wp-block-columns-is-layout-flex\">\n<div class=\"wp-block-column is-layout-flow wp-block-column-is-layout-flow\">\n<h2 class=\"wp-block-heading\">DOMAINE (JEAN &amp; GILLES) LAFOUGE<\/h2>\n\n\n\n<p>Auf rund 10 Hektar, haupts\u00e4chlich in Auxey-Duresses, produziert Gilles Lafouge seit vielen Jahren in aller Stille \u00fcberragende Beispiele f\u00fcr Weine dieser Appellation. Diesen Weinen wird h\u00e4ufig noch zu wenig Aufmerksamkeit geschenkt, sie geniessen dennoch bereits einen hervorragenden Ruf und bieten viel Wein f\u00fcr wenig Geld. Keine ausgefallenen Tricks, einzig eine Kombination aus alten Reben, sorgf\u00e4ltiger Arbeit in den Weinbergen und klassischer Weinbereitung. Das Ergebnis ist eine Reihe sehr pr\u00e4ziser, charmanter Weine, die viel Trinkfreude verspr\u00fchen. Blind verkostet, gepr\u00e4gt von Klarheit und Pr\u00e4zision der Weine, mag man schnell zum Schluss kommen Weine einer h\u00f6heren Appellation zu trinken. Entdeckt man jedoch den makellos sauberen und aufger\u00e4umten Keller, wird klar, dass Gilles schlichtweg ein akribischer Winzer ist, der unglaublich stolz auf seine Arbeit ist.<\/p>\n<\/div>\n<\/div>\n","protected":false},"excerpt":{"rendered":"<p>DOMAINE (JEAN &amp; GILLES) LAFOUGE Auf rund 10 Hektar, haupts\u00e4chlich in Auxey-Duresses, produziert Gilles Lafouge seit vielen Jahren in aller Stille \u00fcberragende Beispiele f\u00fcr Weine dieser Appellation. Diesen Weinen wird h\u00e4ufig noch zu wenig Aufmerksamkeit geschenkt, sie geniessen dennoch bereits einen hervorragenden Ruf und bieten viel Wein f\u00fcr wenig Geld. Keine ausgefallenen Tricks, einzig eine &#8230; <a href=\"https:\/\/magnusvinum.ch\/de\/produzenten\/domaine-jean-gilles-lafouge\/\" class=\"more-link\">Read More <span class=\"screen-reader-text\">about  DOMAINE (JEAN &#038; GILLES) LAFOUGE<\/span><\/a><\/p>\n","protected":false},"author":2179,"featured_media":23604,"parent":20782,"menu_order":0,"comment_status":"closed","ping_status":"closed","template":"page-templates\/page_producer.php","meta":{"_genesis_hide_title":false,"_genesis_hide_breadcrumbs":false,"_genesis_hide_singular_image":false,"_genesis_hide_footer_widgets":false,"_genesis_custom_body_class":"","_genesis_custom_post_class":"","_genesis_layout":"","footnotes":""},"class_list":{"0":"post-20800","1":"page","2":"type-page","3":"status-publish","4":"has-post-thumbnail","6":"entry"},"featured_image_src":"https:\/\/magnusvinum.ch\/wp-content\/uploads\/2021\/01\/Gilles_Lafouge-scaled-1.jpg","featured_image_src_square":"https:\/\/magnusvinum.ch\/wp-content\/uploads\/2021\/01\/Gilles_Lafouge-scaled-1.jpg","_links":{"self":[{"href":"https:\/\/magnusvinum.ch\/de\/wp-json\/wp\/v2\/pages\/20800","targetHints":{"allow":["GET"]}}],"collection":[{"href":"https:\/\/magnusvinum.ch\/de\/wp-json\/wp\/v2\/pages"}],"about":[{"href":"https:\/\/magnusvinum.ch\/de\/wp-json\/wp\/v2\/types\/page"}],"author":[{"embeddable":true,"href":"https:\/\/magnusvinum.ch\/de\/wp-json\/wp\/v2\/users\/2179"}],"replies":[{"embeddable":true,"href":"https:\/\/magnusvinum.ch\/de\/wp-json\/wp\/v2\/comments?post=20800"}],"version-history":[{"count":0,"href":"https:\/\/magnusvinum.ch\/de\/wp-json\/wp\/v2\/pages\/20800\/revisions"}],"up":[{"embeddable":true,"href":"https:\/\/magnusvinum.ch\/de\/wp-json\/wp\/v2\/pages\/20782"}],"wp:featuredmedia":[{"embeddable":true,"href":"https:\/\/magnusvinum.ch\/de\/wp-json\/wp\/v2\/media\/23604"}],"wp:attachment":[{"href":"https:\/\/magnusvinum.ch\/de\/wp-json\/wp\/v2\/media?parent=20800"}],"curies":[{"name":"wp","href":"https:\/\/api.w.org\/{rel}","templated":true}]}}