{"id":20770,"date":"2021-04-13T15:10:34","date_gmt":"2021-04-13T13:10:34","guid":{"rendered":"https:\/\/magnusvinum.ch\/?page_id=20770"},"modified":"2024-05-03T10:40:05","modified_gmt":"2024-05-03T08:40:05","slug":"allgemeine-geschaeftsbedingungen","status":"publish","type":"page","link":"https:\/\/magnusvinum.ch\/de\/allgemeine-geschaeftsbedingungen\/","title":{"rendered":"ALLGEMEINE GESCH\u00c4FTSBEDINGUNGEN"},"content":{"rendered":"\n<ol class=\"wp-block-list\">\n<li>Verkaufspreise, Rechnungsstellung, Zahlungsbedingungen<\/li>\n<\/ol>\n\n\n\n<p>Die Preise auf unserer Website verstehen sich in Schweizer Franken, inklusive Mehrwertsteuer. Transport- und Versandkosten sind in den angegebenen Preisen nicht inbegriffen.&nbsp;<\/p>\n\n\n\n<p>1.1&nbsp;Rechnungsstellung<\/p>\n\n\n\n<p>Nach Eingang von Bestellungen per E-Mail, Telefon oder Internet stellt Magnus Vinum eine Rechnung per E-Mail aus, die gleichzeitig als Best\u00e4tigung der Bestellung dient. Die Rechnungen m\u00fcssen bezahlt werden, bevor die Weine geliefert werden k\u00f6nnen. Alle K\u00e4ufe m\u00fcssen per Bank\u00fcberweisung bezahlt werden.<\/p>\n\n\n\n<ol class=\"wp-block-list\" start=\"2\">\n<li>G\u00fcltigkeit der Konditionen und Preise<\/li>\n<\/ol>\n\n\n\n<p>Es gelten die zum Zeitpunkt der Bestellung publizierten Preise. Sortiments-, Jahrgangs-, Preis- und Konditions\u00e4nderungen, Verf\u00fcgbarkeit sowie eine Korrektur offensichtlicher Irrt\u00fcmer und Tippfehler bleiben vorbehalten. Schadenersatzforderungen infolge offensichtlicher Irrt\u00fcmer und Tippfehler sind ausgeschlossen.<\/p>\n\n\n\n<ol class=\"wp-block-list\" start=\"3\">\n<li>Rabatte<\/li>\n<\/ol>\n\n\n\n<p>3.1 Aktionspreise<\/p>\n\n\n\n<p>Aktionsrabatte sind ausschliesslich auf den angegebenen Zeitraum der jeweiligen Aktion begrenzt und nicht mit anderen Rabatten kombinierbar.<\/p>\n\n\n\n<ol class=\"wp-block-list\" start=\"5\">\n<li>Eigentumsvorbehalt und R\u00fccktrittsrecht<\/li>\n<\/ol>\n\n\n\n<p>Bis zur vollst\u00e4ndigen Bezahlung bleibt die Ware Eigentum von Magnus Vinum. Bei Zahlungsverzug sind wir berechtigt, vom Kaufvertrag zur\u00fcckzutreten. Wir behalten uns vor, den Eigentumsvorbehalt bei der zust\u00e4ndigen Beh\u00f6rde eintragen zu lassen.<\/p>\n\n\n\n<ol class=\"wp-block-list\" start=\"6\">\n<li>Verkauf an Minderj\u00e4hrige<\/li>\n<\/ol>\n\n\n\n<p>Das Gesetz verbietet den Verkauf von Spirituosen, Aperitifs und Alcopops an unter 18-J\u00e4hrige sowie von Wein, Bier und Apfelwein an unter 16-J\u00e4hrige. Um den gesetzlichen Vorgaben nachkommen zu k\u00f6nnen, k\u00f6nnen wir die Angabe Ihres Geburtsdatums verlangen.&nbsp;<\/p>\n\n\n\n<ol class=\"wp-block-list\" start=\"7\">\n<li>Lieferungen<\/li>\n<\/ol>\n\n\n\n<p>7.1. Standard<\/p>\n\n\n\n<p>Wir vermitteln mit unseren Logistikpartnern Post und Vinolog eine speditive, unkomplizierte und f\u00fcr Sie sehr bequeme Lieferung der bestellten Weine bis vor Ihre T\u00fcre, in der ganzen Schweiz zum gleichen Preis unabh\u00e4ngig von der Distanz. Wir verrechnen CHF 20.00 pro Lieferung.<\/p>\n\n\n\n<p>Ab einem Bestellwert von mehr als CHF 500.00 oder einer Bestellmenge \u00fcber 36 Flaschen pro Lieferadresse ist die Lieferung per Standardversand gratis. Die Bestellungen werden in der Regel innerhalb 2 \u2013 3 Arbeitstagen zugestellt.<\/p>\n\n\n\n<p>7.2 Expresslieferungen &amp; individuelle Termine<\/p>\n\n\n\n<p>Expresslieferungen und individuelle Termine m\u00fcssen individuell vereinbart werden und k\u00f6nnen je nach Lieferart mit Mehrkosten verbunden sein.<\/p>\n\n\n\n<p>7.3 Verf\u00fcgbarkeit<\/p>\n\n\n\n<p>Trotz sorgf\u00e4ltiger Bevorratung kann es vorkommen, dass einzelne Artikel schneller als vorgesehen ausverkauft sind. Wir k\u00f6nnen deshalb keine Liefergarantie abgeben. Es gilt: Nur solange der Vorrat reicht.<\/p>\n\n\n\n<ol class=\"wp-block-list\" start=\"8\">\n<li>Sicherheit<\/li>\n<\/ol>\n\n\n\n<p>Wir verpflichten uns, Ihre Daten in Einklang mit dem schweizerischen Datenschutzgesetz (DSG) vertraulich zu behandeln und ohne Ihre Zustimmung nicht an Dritte weiterzugeben.<\/p>\n\n\n\n<ol class=\"wp-block-list\" start=\"9\">\n<li>Weinfehler<\/li>\n<\/ol>\n\n\n\n<p>Generell wird jede Weincharge von uns auf etwaige grunds\u00e4tzliche Weinfehler untersucht. Das Risiko f\u00fcr Korkgeschmack bei einzelnen Flaschen ist sehr gering und nicht in unseren Preisen einkalkuliert. Aus diesem Grund ist es nicht m\u00f6glich, betroffene Flaschen bei uns zur\u00fcck zu geben.<\/p>\n\n\n\n<ol class=\"wp-block-list\" start=\"10\">\n<li>Haftung<\/li>\n<\/ol>\n\n\n\n<p>Jegliche Haftung im Zusammenhang mit unserem Angebot (insbesondere falsche Abbildungen, Texte und Preise) und der Lieferung ist, soweit das Gesetz es zul\u00e4sst, ausgeschlossen.<\/p>\n\n\n\n<ol class=\"wp-block-list\" start=\"11\">\n<li>Spezielle Konditionen f\u00fcr Events<\/li>\n<\/ol>\n\n\n\n<p>11.1. Anmeldung\/Vertragsabschluss<\/p>\n\n\n\n<p>Die Anmeldung zu einem Event kann online, via E-Mail oder m\u00fcndlich per Telefon erfolgen und ist verbindlich (Vertragsabschluss zum Zeitpunkt der Anmeldung).<\/p>\n\n\n\n<p>11.2. Kosten<\/p>\n\n\n\n<p>Je nach Auswahl der Region\/Partnerfirma und des Weines k\u00f6nnen sich Preisunterschiede ergeben. Der im konkreten Angebot genannte Preis ist verbindlich.<\/p>\n\n\n\n<p>11.3. Annullierung durch den Kunden\/die Kundin<\/p>\n\n\n\n<p>Bis zwei Tage vor Anlassbeginn werden die Anlasskosten unter Anrechnung einer Bearbeitungsgeb\u00fchr zur\u00fcckerstattet. Bei einem sp\u00e4teren R\u00fccktritt (1 Tag vor Anlassbeginn oder am Anlasstag selber) wird der volle Anlasspreis verrechnet.<\/p>\n\n\n\n<p>11.4. Annullierung durch Magnus Vinum<\/p>\n\n\n\n<p>Magnus Vinum beh\u00e4lt sich vor, einen Event z.B. wegen zu geringer Teilnehmerzahl, Krankheit des Veranstaltungsleiters oder Lieferproblemen bei den Weinen abzusagen. In solchen F\u00e4llen hat der Teilnehmende prim\u00e4r Anspruch auf eine Ersatzveranstaltung. Falls kein gleichwertiges Angebot unterbreitet werden kann, werden die Kosten zur\u00fcckerstattet.<\/p>\n\n\n\n<p>11.5. Haftung<\/p>\n\n\n\n<p>Die Anlassteilnehmenden haften f\u00fcr alle von ihnen anl\u00e4sslich der Eventteilnahme verursachten Besch\u00e4digungen am Eigentum von Magnus Vinum und Dritten.<\/p>\n\n\n\n<p>F\u00fcr Sch\u00e4den und Verluste am Eigentum der Anlassteilnehmenden kann keine Haftung \u00fcbernommen werden. Die Teilnahme an der Veranstaltung erfolgt auf eigene Verantwortung.<\/p>\n\n\n\n<ol class=\"wp-block-list\" start=\"12\">\n<li>Sonstiges<\/li>\n<\/ol>\n\n\n\n<p>12.2 Produktabbildungen<\/p>\n\n\n\n<p>Die Flaschenabbildungen geben nicht zwangsl\u00e4ufig den aktuellen Jahrgang an. Bitte entnehmen Sie den lieferbaren Jahrgang jeweils der Produktbezeichnung. Ferner k\u00f6nnen sich Ausstattung und Verschluss innerhalb einzelner Jahrg\u00e4nge und jahrgangs\u00fcbergreifend \u00e4ndern.<\/p>\n\n\n\n<p>12.3 Mindestabnahmemengen<\/p>\n\n\n\n<p>Es besteht keine Verpflichtung zur Abnahme von Mindestmengen.<\/p>\n\n\n\n<p>12.5 Copyright<\/p>\n\n\n\n<p>Das Homepage-Layout, die verwendeten Grafiken und Bilder, die Sammlung von Beitr\u00e4gen sowie einzelne Beitr\u00e4ge sind urheberrechtlich gesch\u00fctzt. Eine Vervielf\u00e4ltigung oder Verwendung ist ohne ausdr\u00fcckliche Genehmigung von Magnus Vinum nicht gestattet. Alle Rechte beh\u00e4lt sich das Unternehmen vor.<\/p>\n\n\n\n<ol class=\"wp-block-list\" start=\"13\">\n<li>Anwendbares Recht und Gerichtstand<\/li>\n<\/ol>\n\n\n\n<p>Es kommt materielles Schweizer Recht zur Anwendung. Das Wiener Kaufrecht wird explizit ausgeschlossen. Gerichtstand sind die ordentlichen Gerichte am Sitz von Magnus Vinum.<\/p>\n\n\n\n<p><\/p>\n\n\n\n<p>3. Mai 2024<\/p>\n\n\n\n<p>Magnus Vinum, Bettstenstrasse 14, CH-8305 Dietlikon<\/p>\n","protected":false},"excerpt":{"rendered":"<p>Die Preise auf unserer Website verstehen sich in Schweizer Franken, inklusive Mehrwertsteuer. Transport- und Versandkosten sind in den angegebenen Preisen nicht inbegriffen.&nbsp; 1.1&nbsp;Rechnungsstellung Nach Eingang von Bestellungen per E-Mail, Telefon oder Internet stellt Magnus Vinum eine Rechnung per E-Mail aus, die gleichzeitig als Best\u00e4tigung der Bestellung dient. Die Rechnungen m\u00fcssen bezahlt werden, bevor die Weine &#8230; <a href=\"https:\/\/magnusvinum.ch\/de\/allgemeine-geschaeftsbedingungen\/\" class=\"more-link\">Read More <span class=\"screen-reader-text\">about  ALLGEMEINE GESCH\u00c4FTSBEDINGUNGEN<\/span><\/a><\/p>\n","protected":false},"author":5,"featured_media":0,"parent":0,"menu_order":0,"comment_status":"closed","ping_status":"closed","template":"","meta":{"_genesis_hide_title":false,"_genesis_hide_breadcrumbs":false,"_genesis_hide_singular_image":false,"_genesis_hide_footer_widgets":false,"_genesis_custom_body_class":"","_genesis_custom_post_class":"","_genesis_layout":"","footnotes":""},"class_list":{"0":"post-20770","1":"page","2":"type-page","3":"status-publish","5":"entry"},"featured_image_src":null,"featured_image_src_square":null,"_links":{"self":[{"href":"https:\/\/magnusvinum.ch\/de\/wp-json\/wp\/v2\/pages\/20770","targetHints":{"allow":["GET"]}}],"collection":[{"href":"https:\/\/magnusvinum.ch\/de\/wp-json\/wp\/v2\/pages"}],"about":[{"href":"https:\/\/magnusvinum.ch\/de\/wp-json\/wp\/v2\/types\/page"}],"author":[{"embeddable":true,"href":"https:\/\/magnusvinum.ch\/de\/wp-json\/wp\/v2\/users\/5"}],"replies":[{"embeddable":true,"href":"https:\/\/magnusvinum.ch\/de\/wp-json\/wp\/v2\/comments?post=20770"}],"version-history":[{"count":1,"href":"https:\/\/magnusvinum.ch\/de\/wp-json\/wp\/v2\/pages\/20770\/revisions"}],"predecessor-version":[{"id":23784,"href":"https:\/\/magnusvinum.ch\/de\/wp-json\/wp\/v2\/pages\/20770\/revisions\/23784"}],"wp:attachment":[{"href":"https:\/\/magnusvinum.ch\/de\/wp-json\/wp\/v2\/media?parent=20770"}],"curies":[{"name":"wp","href":"https:\/\/api.w.org\/{rel}","templated":true}]}}